{"id":503,"date":"2018-08-20T12:18:11","date_gmt":"2018-08-20T10:18:11","guid":{"rendered":"https:\/\/tradingwelt.de\/seminar\/?page_id=503"},"modified":"2018-10-29T20:04:26","modified_gmt":"2018-10-29T19:04:26","slug":"bonus","status":"publish","type":"page","link":"https:\/\/tradingwelt.de\/seminar\/bonus\/","title":{"rendered":"Ultimatives Trading CFD Einsteigerpaket + BONUS Kurs!"},"content":{"rendered":"<p data-css=\"tve-u-162cdff86f5\" style=\"text-align: center;\">Unser bestes Angebot: Ultimatives Einsteiger Paket+ Signal Gruppe = HEUTE kostenlos<\/p>\n<h2 data-css=\"tve-u-16292821b13\" style=\"text-align: center;\">\u200b<span data-css=\"tve-u-16294ee51d7\" style=\"color: rgb(255, 0, 0);\">Das ultimative<\/span> \u200bTrading-<span data-css=\"tve-u-16294ee51f2\" style=\"color: rgb(255, 0, 0);\">Einsteiger Paket kostenlos<\/span>, damit dein Trading von Beginn an richtig Geld abwirft.<\/h2>\n<h2 data-css=\"tve-u-1655721bf24\" style=\"text-align: center;\">+++ Facebook Signal-Gruppe exklusiv NUR 30 Teilnehmer!&nbsp;<\/h2>\n<h2 data-css=\"tve-u-16556e50d63\">Bekomme echte Trading-Signalein unserer Signal-Gruppe!&nbsp;<\/h2>\n<ul class=\"tcb-styled-list\">\n<li class=\"thrv-styled-list-item\">check<span class=\"thrv-advanced-inline-text tve_editable tcb-styled-list-icon-text tcb-no-delete\" data-css=\"tve-u-16556e8e797\">Erhalte erstmalig echte Trading-Signale vom Team TradingWelt<\/span><\/li>\n<li class=\"thrv-styled-list-item\">check<span class=\"thrv-advanced-inline-text tve_editable tcb-styled-list-icon-text tcb-no-delete\" data-css=\"tve-u-16556e9fa71\">Teile deine Trading Ideen mit anderen Tradern und lass dir Feedback geben!<\/span><\/li>\n<li class=\"thrv-styled-list-item\">check<span class=\"thrv-advanced-inline-text tve_editable tcb-styled-list-icon-text tcb-no-delete\" data-css=\"tve-u-16556ed12b8\">Nachbesprechung: Lass deine vergangenen Trades von unserem Service Team analysieren und verbessere damit deine Trefferquote sofort!<\/span><\/li>\n<\/ul>\n<p><span class=\"tve_image_frame\" style=\"width: 100%;\"><img loading=\"lazy\" decoding=\"async\" class=\"tve_image wp-image-993\" alt=\"\" title=\"dvd cover tradingwelt\" data-id=\"993\" src=\"\/\/binary-welt.de\/seminar\/wp-content\/uploads\/2018\/10\/dvd-cover-tradingwelt.png\" style=\"width: 100%;\" width=\"1595\" height=\"1595\" srcset=\"https:\/\/binary-welt.de\/seminar\/wp-content\/uploads\/2018\/10\/dvd-cover-tradingwelt.png 1595w, https:\/\/binary-welt.de\/seminar\/wp-content\/uploads\/2018\/10\/dvd-cover-tradingwelt-150x150.png 150w, https:\/\/binary-welt.de\/seminar\/wp-content\/uploads\/2018\/10\/dvd-cover-tradingwelt-300x300.png 300w, https:\/\/binary-welt.de\/seminar\/wp-content\/uploads\/2018\/10\/dvd-cover-tradingwelt-768x768.png 768w, https:\/\/binary-welt.de\/seminar\/wp-content\/uploads\/2018\/10\/dvd-cover-tradingwelt-1024x1024.png 1024w, https:\/\/binary-welt.de\/seminar\/wp-content\/uploads\/2018\/10\/dvd-cover-tradingwelt-100x100.png 100w\" sizes=\"auto, (max-width: 767px) 89vw, (max-width: 1000px) 54vw, (max-width: 1071px) 543px, 580px\" \/><\/span><\/p>\n<h2 data-css=\"tve-u-1655709cf0f\" style=\"text-align: center;\">Hinweis: Die Facebook Signal-Gruppe ist auf 30 Pl\u00e4tze limitiert! Diese Aktion endet sobald die 30 Pl\u00e4tze vergeben sind.<\/h2>\n<p data-css=\"tve-u-16556fa5e53\">In unserer einmaligen Facebook Signal-Gruppe, teilen wir Dir regelm\u00e4\u00dfig unsere Trading Ideen und Signale mit, die wir selber handeln und in der Praxis umsetzen. So bekommst du Vorlagen und Signale, die du wie eine Art Schablone nach traden kannst. In der Gruppe legen wir den Focus auf Trading Ideen &amp; Signale und freuen uns sehr dar\u00fcber wenn auch du deine Ideen mit uns teilst. Heute hast du nicht nur die einmalige Chance unserer geheimen Signal-Gruppe beizutreten, sondern auch das komplette All in ONE PAKET kostenlos &nbsp;zu bekommen&#8230;<\/p>\n<p><span class=\"tve_image_frame\" style=\"width: 100%;\"><img loading=\"lazy\" decoding=\"async\" title=\"30 trading plaetze\" class=\"tve_image wp-image-994\" style=\"width: 100%;\" alt=\"\" src=\"\/\/binary-welt.de\/seminar\/wp-content\/uploads\/2018\/10\/30-trading-plaetze.png\" data-id=\"994\" width=\"768\" height=\"454\" srcset=\"https:\/\/binary-welt.de\/seminar\/wp-content\/uploads\/2018\/10\/30-trading-plaetze.png 768w, https:\/\/binary-welt.de\/seminar\/wp-content\/uploads\/2018\/10\/30-trading-plaetze-300x177.png 300w\" sizes=\"auto, (max-width: 767px) 89vw, (max-width: 1000px) 54vw, (max-width: 1071px) 543px, 580px\" \/><\/span><\/p>\n<h2 data-css=\"tve-u-16292a4d923\" style=\"text-align: center;\">Und das bekommst du von uns:<\/h2>\n<ul class=\"tcb-styled-list\">\n<li class=\"thrv-styled-list-item\" style=\"\">check<span class=\"thrv-advanced-inline-text tve_editable tcb-styled-list-icon-text tcb-no-delete\" style=\"\" data-css=\"tve-u-1648349647c\">Vollst\u00e4ndiges Handelssystem Bluepower V3 Template f\u00fcr CFD und Optionstrading mit automatischen V3.1 Elite Signalen zur optimalen Chartanalyse und hervorragenden Trefferquoten.<\/span><\/li>\n<li class=\"thrv-styled-list-item\">check<span class=\"thrv-advanced-inline-text tve_editable tcb-styled-list-icon-text tcb-no-delete\" style=\"\" data-css=\"tve-u-164226f02e8\">\u200bVIP Zugang zum internen Mitgliederbereich und vollen Zugriff auf den Intensiv Lehrgang &#8222;Diagnose&#8220;.<\/span><\/li>\n<li class=\"thrv-styled-list-item\">check<span class=\"thrv-advanced-inline-text tve_editable tcb-styled-list-icon-text tcb-no-delete\" style=\"\" data-css=\"tve-u-16292a193c5\">\u200b\u200bV3 Elite Status beinhaltet zudem alle Vorteile von PREMIUM: Berechtigung f\u00fcr alle Downloads, Strategien, Videos etc.<\/span><\/li>\n<li class=\"thrv-styled-list-item\">check<span class=\"thrv-advanced-inline-text tve_editable tcb-styled-list-icon-text tcb-no-delete\" style=\"\" data-css=\"tve-u-164227290d0\">Zugang zur V3-Elite Telegramm Gruppe damit \u200bdu \u200bmit Gleichgesinnten traden kannst.<\/span><\/li>\n<li class=\"thrv-styled-list-item\">check<span class=\"thrv-advanced-inline-text tve_editable tcb-styled-list-icon-text tcb-no-delete\" data-css=\"tve-u-165570332c4\">Einmaliger Zugang zur Facebook Signal-Gruppe<\/span><\/li>\n<\/ul>\n<h2>Das Angebot endet bald!<\/h2>\n<p>Das Gesamtpaket inklusive Zugang zur,&nbsp;<\/p>\n<p><strong>&#8222;Facebook Signal-Gruppe&#8220;&nbsp;<\/strong>endet sobald 30 Pl\u00e4tze belegt sind.<\/p>\n<p data-css=\"tve-u-1642274f619\" style=\"text-align: center;\">\u200bDu \u200bm\u00f6chtest weitere Informationen zu unserem Intensiv Lehrgang? <a href=\"http:\/\/lehrgang.binary-welt.de\/angebot\/\" target=\"_blank\">Dann klicke HIER!<\/a><\/p>\n<h2 data-css=\"tve-u-16292a6ec1f\" style=\"text-align: center;\">Diese 3 einfachen Schritte musst du gehen, damit du das Gesamtpaket inkl. Bonus Kurs kostenlos bekommst.<\/h2>\n<p style=\"text-align: center;\" data-css=\"tve-u-1636e2d0248\">\u200bSchritt 1<\/p>\n<h3 data-css=\"tve-u-15df410123e\" style=\"text-align: center;\"><strong>Broker Registrierung<\/strong><\/h3>\n<p style=\"text-align: center;\">Registriere dich jetzt kostenlos bei einem unserer \u200b Partnerbroker, in dem du \u200bauf einen der unteren gr\u00fcnen Button klickst. W\u00e4hle \u200bim Registrierungsformular bitte das &#8222;Reale Konto&#8220; aus.<\/p>\n<p data-css=\"tve-u-1636e2e0878\" style=\"text-align: center;\">\u200bSchritt 2<\/p>\n<h3 data-css=\"tve-u-15df410123e\" style=\"text-align: center;\"><strong>Dein Investment<\/strong><\/h3>\n<p style=\"text-align: center;\">Zahle dein erstes Investment von mindestens 250,-\u20ac auf dein Konto ein und sende deine Unterlagen an den \u200b Kundenservice zur Kontoverifizierung.<\/p>\n<p style=\"text-align: center;\" data-css=\"tve-u-1636e2e2617\">\u200bSchritt 3<\/p>\n<h3 data-css=\"tve-u-15df410123e\" style=\"text-align: center;\"><strong>\u200bE-Mail schreiben<\/strong><\/h3>\n<p style=\"text-align: center;\">Sobald d\u200bu die ersten 2 Schritte erledigt hast, schreibe uns einfach eine Mail an info@binary-welt.deund \u200bwir richten deine pers\u00f6nlichen Zug\u00e4nge f\u00fcr dich ein, so dass du sofort mit dem Trading starten kannst!<\/p>\n<h2 data-css=\"tve-u-1640394d79d\">\u200bUnsere besten Partnerbroker:<\/h2>\n<p>\u200bDie Anmeldung ist kostenlos! \u200bDein investiertes Geld kann zu 100% zum Handeln verwendet werden.<\/p>\n<p>\u200bEs entstehen garantiert keine weiteren Kosten.<\/p>\n<p><span class=\"tve_image_frame\" style=\"width: 100%;\"><img loading=\"lazy\" decoding=\"async\" title=\"FiNMAX-Logo\" class=\"tve_image wp-image-277\" style=\"width: 100%;\" alt=\"\" src=\"\/\/binary-welt.de\/seminar\/wp-content\/uploads\/2018\/06\/FiNMAX-Logo.png\" data-id=\"277\" width=\"323\" height=\"156\" srcset=\"https:\/\/binary-welt.de\/seminar\/wp-content\/uploads\/2018\/06\/FiNMAX-Logo.png 323w, https:\/\/binary-welt.de\/seminar\/wp-content\/uploads\/2018\/06\/FiNMAX-Logo-300x145.png 300w\" sizes=\"auto, (max-width: 323px) 100vw, 323px\" \/><\/span><a class=\"tve_empty_dropzone\" href=\"https:\/\/affiliate.wow-partners.com\/click.php?ctag=a2369-b411-p\" target=\"_blank\" rel=\" \">check-circle-o<\/p>\n<p data-css=\"tve-u-15df4ada2bb\" style=\"text-align: left;\">Ja, ich m\u00f6chte das Gesamtpaket GRATIS und mich jetzt bei FINMAX registrieren!<\/p>\n<p><\/a><span class=\"tve_image_frame\" style=\"width: 100%;\"><img loading=\"lazy\" decoding=\"async\" title=\"finmarket_logo\" class=\"tve_image wp-image-817\" style=\"width: 100%;\" alt=\"\" src=\"\/\/binary-welt.de\/seminar\/wp-content\/uploads\/2018\/10\/finmarket_logo.png\" data-id=\"817\" width=\"298\" height=\"129\"><\/span><a href=\"http:\/\/go.trackedlink.com\/visit\/?bta=36217&amp;nci=6361&amp;afp=trading+welt\" target=\"_blank\" rel=\"\">check-circle-o<\/p>\n<p data-css=\"tve-u-15df4ada2bb\" style=\"text-align: left;\">Ja, ich m\u00f6chte das Gesamtpaket GRATIS und mich jetzt bei Finmarket registrieren!<\/p>\n<p><\/a><span class=\"tve_image_frame\" style=\"width: 100%;\"><img loading=\"lazy\" decoding=\"async\" title=\"AvaTrade_logo\" class=\"tve_image wp-image-278\" style=\"width: 100%;\" alt=\"\" src=\"\/\/binary-welt.de\/seminar\/wp-content\/uploads\/2018\/06\/AvaTrade_logo.jpg\" data-id=\"278\" width=\"300\" height=\"250\"><\/span><a class=\"tve_empty_dropzone\" href=\"http:\/\/www.avatrade.de\/join-ava\/real-account?tradingplatform=1&amp;dealtype=1&amp;tag=77645&amp;tag2=~profile_tw\" target=\"_blank\" rel=\" \">check-circle-o<\/p>\n<p data-css=\"tve-u-15df4ada2bb\" style=\"text-align: left;\">Ja, ich m\u00f6chte das Gesamtpaket GRATIS und mich jetzt bei \u200bAvaTrade registrieren!<\/p>\n<p><\/a><\/p>\n<p style=\"text-align: center;\"><strong>Wichtig:<\/strong> Bei der Anmeldung unbedingt den Partnercode:<\/p>\n<p style=\"text-align: center;\">&#8222;77645&#8220; eingeben, damit du unseren Service nutzen kannst.<\/p>\n<p><a class=\"tve_empty_dropzone\" href=\"https:\/\/affiliate.wow-partners.com\/click.php?ctag=a2369-b411-p\" target=\"_blank\" rel=\" \"><\/a><a class=\"tve_empty_dropzone\" href=\"http:\/\/www.avatrade.de\/?tag=77645&amp;tag2=~profile_default\" target=\"_blank\" rel=\"\"><\/a><a class=\"tve_empty_dropzone\" href=\"https:\/\/affiliate.wow-partners.com\/click.php?ctag=a2369-b411-p\" target=\"_blank\" rel=\" \"><\/a><a class=\"tve_empty_dropzone\" href=\"https:\/\/affiliate.wow-partners.com\/click.php?ctag=a2369-b411-p\" target=\"_blank\" rel=\" \"><\/a><span class=\"tve_image_frame\"><img loading=\"lazy\" decoding=\"async\" title=\"rbn_crn_red\" class=\"tve_image wp-image-5499\" alt=\"\" src=\"\/\/binary-welt.de\/seminar\/wp-content\/uploads\/tcb_content_templates\/callaction\/images\/rbn_crn_red.png\" data-id=\"5499\" width=\"76\" height=\"65\"><\/span><\/p>\n<h3 data-css=\"tve-u-162cdb6586b\" style=\"text-align: left;\">\u200b\u200b\u200bSpar-Aktionf\u00fcr Personen die \u200b\u200bkeinen Broker \u200bmehr brauchen!<\/h3>\n<p data-css=\"tve-u-162cdb6586d\" style=\"text-align: left;\">\u200bDu kannst das Gesamtpaket inklusive dem \u200bBonus Kurs &#8222;\u200bSofort mehr Gewinne&#8220; alternativ auch k\u00e4uflich erwerben. Hierf\u00fcr erheben wir eine Pauschale von \u200beinmalig \u200b\u200b\u200b\u200b\u200b250,-\u20ac.<\/p>\n<p data-css=\"tve-u-162cdb6586d\" style=\"text-align: left;\">\n<p data-css=\"tve-u-162cdb6586d\" style=\"text-align: left;\"><strong>\u200bDein gro\u00dfer Vorteil: <\/strong>\u200bDu sparst satte 1\u200b49,-\u20ac wenn du jetzt zu schl\u00e4gst!<\/p>\n<p data-css=\"tve-u-162cdb6586d\" style=\"text-align: left;\">\n<p data-css=\"tve-u-162cdb6586d\" style=\"text-align: left;\">\n<p><span class=\"tve_image_frame\" style=\"width: 100%;\"><img loading=\"lazy\" decoding=\"async\" title=\"PayPal-Logo\" class=\"tve_image wp-image-133\" style=\"width: 100%;\" alt=\"\" src=\"\/\/binary-welt.de\/seminar\/wp-content\/uploads\/2018\/04\/PayPal-Logo-300x128.jpg\" data-id=\"133\" width=\"300\" height=\"128\" srcset=\"https:\/\/binary-welt.de\/seminar\/wp-content\/uploads\/2018\/04\/PayPal-Logo-300x128.jpg 300w, https:\/\/binary-welt.de\/seminar\/wp-content\/uploads\/2018\/04\/PayPal-Logo-768x327.jpg 768w, https:\/\/binary-welt.de\/seminar\/wp-content\/uploads\/2018\/04\/PayPal-Logo-1024x435.jpg 1024w, https:\/\/binary-welt.de\/seminar\/wp-content\/uploads\/2018\/04\/PayPal-Logo.jpg 1030w\" sizes=\"auto, (max-width: 300px) 100vw, 300px\" \/><\/span><span class=\"tve_image_frame\" style=\"width: 100%;\"><img loading=\"lazy\" decoding=\"async\" title=\"neues_siegel_template_vergleich\" class=\"tve_image wp-image-101\" style=\"width: 100%;\" alt=\"\" src=\"\/\/binary-welt.de\/seminar\/wp-content\/uploads\/2018\/04\/neues_siegel_template_vergleich.png\" data-id=\"101\" width=\"639\" height=\"529\" srcset=\"https:\/\/binary-welt.de\/seminar\/wp-content\/uploads\/2018\/04\/neues_siegel_template_vergleich.png 639w, https:\/\/binary-welt.de\/seminar\/wp-content\/uploads\/2018\/04\/neues_siegel_template_vergleich-300x248.png 300w\" sizes=\"auto, (max-width: 639px) 100vw, 639px\" \/><\/span><\/p>\n<h3 data-css=\"tve-u-16292bf8bf6\" style=\"text-align: center;\">100% gepr\u00fcfte Qualit\u00e4t<\/h3>\n<p data-css=\"tve-u-16295575c67\" style=\"text-align: center;\">Das Gesamtpaket beinhaltet unter anderem das \u200b Bluepower V3 Template. Das Handelssystem hat in unserem Langzeit exzellent abgeschnitten und wurde von der Community mit 5 Rating-Sternen bewertet.&nbsp;<\/p>\n<p data-css=\"tve-u-16292bf8bf9\" style=\"text-align: center;\">Ein ausf\u00fchrlicher Testbericht ist auf www.binary-welt.de zu finden.<\/p>\n<p data-css=\"tve-u-15df4113ff2\" style=\"text-align: center;\">Copyright 2018, \u200bTradingWelt <a href=\"https:\/\/binary-welt.de\/impressum\/\" target=\"_blank\">Impressum<\/a> , <a href=\"http:\/\/geschenk.binary-welt.de\/datenschutz\/\" target=\"_blank\">Datenschutzerkl\u00e4rung<\/a><\/p>\n<p><span class=\"tcb-inline-placeholder-action with-icon\">Insert Call to Action<\/span><\/p>\n","protected":false},"excerpt":{"rendered":"<p>Unser bestes Angebot: Ultimatives Einsteiger Paket+ Signal Gruppe = HEUTE kostenlos \u200bDas ultimative \u200bTrading-Einsteiger Paket kostenlos, damit dein Trading von Beginn an richtig Geld abwirft. +++ Facebook Signal-Gruppe exklusiv NUR 30 Teilnehmer!&nbsp; Bekomme echte Trading-Signalein unserer Signal-Gruppe!&nbsp; checkErhalte erstmalig echte Trading-Signale vom Team TradingWelt checkTeile deine Trading Ideen mit anderen Tradern und lass dir Feedback &hellip; <\/p>\n<p class=\"link-more\"><a href=\"https:\/\/tradingwelt.de\/seminar\/bonus\/\" class=\"more-link\"><span class=\"screen-reader-text\">\u201eUltimatives Trading CFD Einsteigerpaket + BONUS Kurs!\u201c<\/span> weiterlesen<\/a><\/p>\n","protected":false},"author":1,"featured_media":0,"parent":0,"menu_order":0,"comment_status":"closed","ping_status":"closed","template":"","meta":{"footnotes":""},"class_list":["post-503","page","type-page","status-publish","hentry"],"_links":{"self":[{"href":"https:\/\/tradingwelt.de\/seminar\/wp-json\/wp\/v2\/pages\/503","targetHints":{"allow":["GET"]}}],"collection":[{"href":"https:\/\/tradingwelt.de\/seminar\/wp-json\/wp\/v2\/pages"}],"about":[{"href":"https:\/\/tradingwelt.de\/seminar\/wp-json\/wp\/v2\/types\/page"}],"author":[{"embeddable":true,"href":"https:\/\/tradingwelt.de\/seminar\/wp-json\/wp\/v2\/users\/1"}],"replies":[{"embeddable":true,"href":"https:\/\/tradingwelt.de\/seminar\/wp-json\/wp\/v2\/comments?post=503"}],"version-history":[{"count":33,"href":"https:\/\/tradingwelt.de\/seminar\/wp-json\/wp\/v2\/pages\/503\/revisions"}],"predecessor-version":[{"id":999,"href":"https:\/\/tradingwelt.de\/seminar\/wp-json\/wp\/v2\/pages\/503\/revisions\/999"}],"wp:attachment":[{"href":"https:\/\/tradingwelt.de\/seminar\/wp-json\/wp\/v2\/media?parent=503"}],"curies":[{"name":"wp","href":"https:\/\/api.w.org\/{rel}","templated":true}]}}