{"id":4243,"date":"2025-06-17T15:55:57","date_gmt":"2025-06-17T13:55:57","guid":{"rendered":"https:\/\/tradingwelt.de\/seminar\/?page_id=4243"},"modified":"2025-07-01T20:55:22","modified_gmt":"2025-07-01T18:55:22","slug":"das-ebook","status":"publish","type":"page","link":"https:\/\/tradingwelt.de\/seminar\/das-ebook\/","title":{"rendered":"Gratis Ebook &#8211; Der Ausweg!"},"content":{"rendered":"<p><a data-id-d=\"3\" data-img-style=\"\"><img loading=\"lazy\" decoding=\"async\" src=\"https:\/\/binary-welt.de\/seminar\/wp-content\/uploads\/2018\/07\/website_miniheader_.png\" height=\"300\" width=\"1000\" alt=\"\" style=\"\"><\/img><\/a><\/p>\n<h1 style=\"text-align: center;\">90% DER tRADER SCHEITERN <span style=\"text-decoration: underline;\">HIER IST DEIN aUSWEG!<\/span><\/h1>\n<p style=\"\"><span style=\"\">Kostenloses E-Book von Chris Pilz<\/span><\/p>\n<p style=\"\">Die ungefilterte Wahrheit \u00fcber Trading Erfolg &#8211; und wie Du lernst, zu denken wie ein Profi, zu handeln mit Pr\u00e4zision &#8211; und zum Geldmagneten wirst.<\/p>\n<p style=\"\">Ohne Hokuspokus &amp; leere Versprechen<\/p>\n<p style=\"text-align: center;\"><span style=\"font-size: 16px !important; --tcb-applied-color: rgb(255, 255, 255)   !important; color: rgb(255, 255, 255) !important;\">Hinweis: Der Handel an der B\u00f6rse geht mit erheblichen Risiken einher und kann zum Verlust ihres investierten Kapitals f\u00fchren. Ihr Kapital unterliegt einem Risiko<\/span><\/p>\n<h2 style=\"text-align: center;\">\u00dcber 10.000 Worte &#8222;PRAXIS-TAUGLICHES-Wissen&#8220;, erwarten dich in meinem interaktiven E-Book!<\/h2>\n<p data-end=\"402\" data-start=\"100\"><strong data-end=\"180\" data-start=\"100\">Direkt nach deiner Anmeldung erh\u00e4ltst du Zugriff auf mein virtuelles E-Book.<\/strong>Es ist vollgepackt mit echtem Trading-Wissen, \u00fcber 10 Jahre Erfahrung \u2013 komprimiert auf den Punkt.Du lernst, warum 90\u202f% der Trader scheitern, wie dein Gehirn dich sabotiert \u2013 und vor allem, wie du es besser machst.<\/p>\n<p data-end=\"575\" data-start=\"404\"><strong data-end=\"499\" data-start=\"404\">Keine Theorie, kein Blabla \u2013 sondern klare Strategien, mentale Tools und ehrliche L\u00f6sungen,<\/strong> die dir helfen, Trading endlich mit System zu verstehen \u2013 und umzusetzen.<\/p>\n<p data-end=\"689\" data-start=\"577\">Mach dich bereit f\u00fcr ein Buch, das aufr\u00fcttelt, motiviert und dir zeigt, worauf es im Trading wirklich ankommt.<\/p>\n<h4 style=\"\">Druck &amp; Dopamin<\/h4>\n<p style=\"\">Dopamin-Jagden und emotionaler Druck sorgen daf\u00fcr, dass du impulsiv handelst, Fehler wiederholst und Gewinne verspielst. In unserem E-Book erf\u00e4hrst du, wie du diese <strong>unsichtbaren Saboteure ausschaltest<\/strong> \u2013 und endlich klar, fokussiert und strategisch tradest.<\/p>\n<h4 style=\"\">Geld-Blockaden sprengen<\/h4>\n<p>Trading ist Kopfsache und Geld ist oft der gr\u00f6\u00dfte Trigger. Tief verankerte Glaubenss\u00e4tze wie \u201eGeld verdirbt den Charakter\u201c oder \u201eIch bin kein Gewinner-Typ\u201c sabotieren deinen Erfolg \u2013 lange bevor du den ersten Trade machst. In diesen Kapiteln lernst du, wie du diese Blockaden erkennst, aufl\u00f6st und eine neue, <strong>gesunde Beziehung zu Geld aufbaust<\/strong> \u2013 als Basis f\u00fcr echte Gewinne.<\/p>\n<h4 style=\"\">Die 5 schlimmsten Fehler<\/h4>\n<p>Die meisten scheitern und wissen nicht einmal warum. In diesem Kapitel decken wir die <strong>5 fatalsten Denk- und Handlungsfehler<\/strong> auf, die selbst smarte Trader immer wieder machen. Du erf\u00e4hrst, wie du diese Stolperfallen erkennst, vermeidest \u2013 und stattdessen beginnst, wie ein Profi zu denken und zu handeln.<\/p>\n<h4 style=\"\">Wann Profis kaufen<\/h4>\n<p style=\"\">Profis kaufen nicht zuf\u00e4llig \u2013 sie kaufen gezielt, wenn andere panisch verkaufen.In diesem Kapitel lernst du, wie smarte Trader denken, welche Preiszonen sie im Blick haben und warum Timing alles ist. Du erf\u00e4hrst, wie du erkennst, wo echtes Kaufinteresse liegt und wie du dich strategisch dort positionierst, wo Gewinne entstehen.<\/p>\n<p><span><img decoding=\"async\" alt=\"\" data-id=\"4285\" width=\"537\" data-init-width=\"1024\" height=\"537\" data-init-height=\"1024\" title=\"geschenkbox\" loading=\"lazy\" src=\"https:\/\/binary-welt.de\/seminar\/wp-content\/uploads\/2025\/06\/geschenkbox.png\" data-width=\"537\" data-height=\"537\" style=\"aspect-ratio: auto 1024 \/ 1024;\"><\/span><\/p>\n<h2 style=\"text-align: center;\">Das sagen unsere \u200bLeser zum virtuellen E-Book&nbsp;<\/h2>\n<p><span><img decoding=\"async\" alt=\"\" data-id=\"4340\" width=\"419\" data-init-width=\"548\" height=\"332\" data-init-height=\"434\" title=\"buchresonanz1\" loading=\"lazy\" src=\"https:\/\/binary-welt.de\/seminar\/wp-content\/uploads\/2025\/07\/buchresonanz1.png\" data-width=\"419\" data-height=\"332\" style=\"aspect-ratio: auto 548 \/ 434;\"><\/span><span><img decoding=\"async\" alt=\"\" data-id=\"4341\" width=\"378\" data-init-width=\"609\" height=\"184\" data-init-height=\"297\" title=\"buchresonanz2\" loading=\"lazy\" src=\"https:\/\/binary-welt.de\/seminar\/wp-content\/uploads\/2025\/07\/buchresonanz2.png\" data-width=\"378\" data-height=\"184\" style=\"aspect-ratio: auto 609 \/ 297;\"><\/span><span><img decoding=\"async\" alt=\"\" data-id=\"4342\" width=\"428\" data-init-width=\"571\" height=\"442\" data-init-height=\"590\" title=\"buchresonanz3\" loading=\"lazy\" src=\"https:\/\/binary-welt.de\/seminar\/wp-content\/uploads\/2025\/07\/buchresonanz3.png\" data-width=\"428\" data-height=\"442\" style=\"aspect-ratio: auto 571 \/ 590;\"><\/span><span><img decoding=\"async\" alt=\"\" data-id=\"4343\" width=\"515\" data-init-width=\"558\" height=\"380\" data-init-height=\"412\" title=\"buchresonanz4\" loading=\"lazy\" src=\"https:\/\/binary-welt.de\/seminar\/wp-content\/uploads\/2025\/07\/buchresonanz4.png\" data-width=\"515\" data-height=\"380\" style=\"aspect-ratio: auto 558 \/ 412;\"><\/span><span><img decoding=\"async\" alt=\"\" data-id=\"4344\" width=\"515\" data-init-width=\"597\" height=\"517\" data-init-height=\"599\" title=\"buchresonanz5\" loading=\"lazy\" src=\"https:\/\/binary-welt.de\/seminar\/wp-content\/uploads\/2025\/07\/buchresonanz5.png\" data-width=\"515\" data-height=\"517\" style=\"aspect-ratio: auto 597 \/ 599;\"><\/span><span><img decoding=\"async\" alt=\"\" data-id=\"4345\" width=\"515\" data-init-width=\"593\" height=\"478\" data-init-height=\"550\" title=\"buchresonanz6\" loading=\"lazy\" src=\"https:\/\/binary-welt.de\/seminar\/wp-content\/uploads\/2025\/07\/buchresonanz6.png\" data-width=\"515\" data-height=\"478\" style=\"aspect-ratio: auto 593 \/ 550;\"><\/span><\/p>\n<p data-end=\"213\" data-start=\"171\"><strong data-end=\"213\" data-start=\"171\"><span style=\"--tcb-applied-color: rgb(255, 173, 42)   !important; color: rgb(255, 173, 42) !important;\">\u00dcber den Author<\/span><\/strong><strong data-end=\"213\" data-start=\"171\"><span style=\"--tcb-applied-color: rgb(255, 173, 42)   !important; color: rgb(255, 173, 42) !important;\"><\/span><span style=\"--tcb-applied-color: rgb(0, 0, 0)    !important; color: rgb(0, 0, 0) !important;\"><span style=\"font-size: 27px !important;\">Chris von TradingWelt<\/span><\/span><\/strong><\/p>\n<p data-end=\"246\" data-start=\"215\">Berufstrader &amp; Strategietrainer<\/p>\n<p data-end=\"518\" data-start=\"248\">Chris ist seit \u00fcber 10 Jahren im aktiven Trading unterwegs. Was als leidenschaftlicher Selbstversuch begann, wurde zur Berufung und schlie\u00dflich zu einem strukturierten System, das heute hunderten Tradern hilft, ihre Fehler zu erkennen und echte Fortschritte zu machen.<\/p>\n<p data-end=\"866\" data-start=\"520\">Mit klaren Worten, messbaren Ergebnissen und einer ordentlichen Portion norddeutscher Ehrlichkeit erreicht er \u00fcber seine Inhalte auf Social Media und auf YouTube monatlich tausende Menschen, die den Weg vom Zocker zum Profi gehen wollen.Sein Ziel: Trading wieder greifbar, ehrlich und systematisch machen.Ohne Hokuspokus, aber mit Verstand.<\/p>\n<p style=\"text-align: center;\"><strong>Versteh Trading endlich richtig &#8211; und nutze dein volles Potenzial!<\/strong><\/p>\n<p style=\"text-align: center;\">Hol dir jetzt dein kostenloses Exemplar \u2013 und erfahre, warum 90\u202f% scheitern und wie du\u2019s besser machst<\/p>\n<p><a data-id-d=\"3\" data-img-style=\"\"><img loading=\"lazy\" decoding=\"async\" src=\"https:\/\/binary-welt.de\/seminar\/wp-content\/uploads\/2018\/07\/website_miniheader_.png\" height=\"300\" width=\"1000\" alt=\"\" style=\"\"><\/img><\/a><\/p>\n<p><strong>Kontakt<\/strong><\/p>\n<ul>\n<li><span>info@binary-welt.de<\/span><\/li>\n<\/ul>\n<p><strong>Social Media<\/strong><\/p>\n<p><a href=\"https:\/\/www.youtube.com\/@TradingWeltOfficial\" target=\"_blank\" rel=\"nofollow\" data-id=\"icon-youtube\"><span>                     <\/span><\/a><a href=\"https:\/\/www.facebook.com\/TradenmitVerstand\" target=\"_blank\" rel=\"nofollow\" data-id=\"icon-facebook\"><span>                     <\/span><\/a><a href=\"https:\/\/x.com\/Tradingwelt\" target=\"_blank\" rel=\"nofollow\" data-id=\"icon-link\"><span>                     <\/span><\/a><\/p>\n<p><strong>N\u00fctzliche Links<\/strong><\/p>\n<p><a href=\"https:\/\/www.traden.de\/forum\/thema\/chris-pilz-tradingwelt-erfahrungen.8537\/\" style=\"outline: none;\" target=\"_blank\">Erfahrungsberichte<\/a><\/p>\n<p><a href=\"https:\/\/tradingwelt.de\/seminar\/lp\/\" style=\"outline: none;\" target=\"_blank\">Komplettes-Einsteigerpaket<\/a><\/p>\n<p><a href=\"https:\/\/tradingwelt.de\/seminar\/secret\/\" style=\"outline: none;\" target=\"_blank\">5 magische Grundgesetze<\/a><\/p>\n<p>Copyright 2025, \u00a9 TradingWelt &amp; Traden.deHinweis: Der Handel an der B\u00f6rse geht mit erheblichen Risiken einher und kann zum Verlust ihres investierten Kapitals f\u00fchren. Ihr Kapital unterliegt einem Risiko.<\/p>\n<p><a href=\"https:\/\/tradingwelt.de\/impressum\/\" target=\"_blank\" rel=\"nofollow\">Impressum<\/a><\/p>\n<p><a href=\"https:\/\/geschenk.binary-welt.de\/datenschutz\/\" target=\"_blank\" rel=\"nofollow\">Datenschutz<\/a><\/p>\n","protected":false},"excerpt":{"rendered":"<p>90% DER tRADER SCHEITERN HIER IST DEIN aUSWEG! Kostenloses E-Book von Chris Pilz Die ungefilterte Wahrheit \u00fcber Trading Erfolg &#8211; und wie Du lernst, zu denken wie ein Profi, zu handeln mit Pr\u00e4zision &#8211; und zum Geldmagneten wirst. Ohne Hokuspokus &amp; leere Versprechen Hinweis: Der Handel an der B\u00f6rse geht mit erheblichen Risiken einher und &hellip; <\/p>\n<p class=\"link-more\"><a href=\"https:\/\/tradingwelt.de\/seminar\/das-ebook\/\" class=\"more-link\"><span class=\"screen-reader-text\">\u201eGratis Ebook &#8211; Der Ausweg!\u201c<\/span> weiterlesen<\/a><\/p>\n","protected":false},"author":1,"featured_media":0,"parent":0,"menu_order":0,"comment_status":"closed","ping_status":"closed","template":"","meta":{"footnotes":""},"class_list":["post-4243","page","type-page","status-publish","hentry"],"_links":{"self":[{"href":"https:\/\/tradingwelt.de\/seminar\/wp-json\/wp\/v2\/pages\/4243","targetHints":{"allow":["GET"]}}],"collection":[{"href":"https:\/\/tradingwelt.de\/seminar\/wp-json\/wp\/v2\/pages"}],"about":[{"href":"https:\/\/tradingwelt.de\/seminar\/wp-json\/wp\/v2\/types\/page"}],"author":[{"embeddable":true,"href":"https:\/\/tradingwelt.de\/seminar\/wp-json\/wp\/v2\/users\/1"}],"replies":[{"embeddable":true,"href":"https:\/\/tradingwelt.de\/seminar\/wp-json\/wp\/v2\/comments?post=4243"}],"version-history":[{"count":63,"href":"https:\/\/tradingwelt.de\/seminar\/wp-json\/wp\/v2\/pages\/4243\/revisions"}],"predecessor-version":[{"id":4349,"href":"https:\/\/tradingwelt.de\/seminar\/wp-json\/wp\/v2\/pages\/4243\/revisions\/4349"}],"wp:attachment":[{"href":"https:\/\/tradingwelt.de\/seminar\/wp-json\/wp\/v2\/media?parent=4243"}],"curies":[{"name":"wp","href":"https:\/\/api.w.org\/{rel}","templated":true}]}}